{"id":24,"date":"2021-02-23T17:38:37","date_gmt":"2021-02-23T16:38:37","guid":{"rendered":"http:\/\/tdsi.dev\/?page_id=24"},"modified":"2021-02-23T19:05:40","modified_gmt":"2021-02-23T18:05:40","slug":"accueil","status":"publish","type":"page","link":"https:\/\/tdsi.dev\/","title":{"rendered":""},"content":{"rendered":"\n<div class=\"wp-block-image\"><figure class=\"aligncenter size-large is-resized\"><img loading=\"lazy\" src=\"http:\/\/tdsi.dev\/wp-content\/uploads\/2021\/02\/TDSI-logo-sfp-1024x624.png\" alt=\"\" class=\"wp-image-9\" width=\"512\" height=\"312\" srcset=\"https:\/\/tdsi.dev\/wp-content\/uploads\/2021\/02\/TDSI-logo-sfp-1024x624.png 1024w, https:\/\/tdsi.dev\/wp-content\/uploads\/2021\/02\/TDSI-logo-sfp-300x183.png 300w, https:\/\/tdsi.dev\/wp-content\/uploads\/2021\/02\/TDSI-logo-sfp-768x468.png 768w, https:\/\/tdsi.dev\/wp-content\/uploads\/2021\/02\/TDSI-logo-sfp-421x257.png 421w, https:\/\/tdsi.dev\/wp-content\/uploads\/2021\/02\/TDSI-logo-sfp.png 1045w\" sizes=\"(max-width: 512px) 100vw, 512px\" \/><\/figure><\/div>\n\n\n\n<p class=\"has-text-align-center\">Conception et d\u00e9veloppement de solutions num\u00e9riques.<\/p>\n\n\n\n<p class=\"has-text-align-center\">Applications m\u00e9tier, Logiciels web, Sites internet, Services web<\/p>\n\n\n\n<p class=\"has-text-align-center\"><a href=\"mailto:vala@tdsi.dev\" data-type=\"mailto\" data-id=\"mailto:vala@tdsi.dev\"><i class=\"fas fa-envelope\"><\/i> vala@tdsi.dev<\/a>  &#8211;  <a href=\"tel:+33 6 59 06 87 96\" data-type=\"tel\" data-id=\"tel:+33 6 59 06 87 96\"><i class=\"fas fa-phone\"><\/i> +33 6 59 06 87 96<\/a><\/p>\n","protected":false},"excerpt":{"rendered":"<p>Conception et d\u00e9veloppement de solutions num\u00e9riques. Applications m\u00e9tier, Logiciels web, Sites internet, Services web vala@tdsi.dev &#8211; +33 6 59 06 87 96<\/p>\n","protected":false},"author":1,"featured_media":0,"parent":0,"menu_order":0,"comment_status":"closed","ping_status":"closed","template":"","meta":[],"_links":{"self":[{"href":"https:\/\/tdsi.dev\/index.php\/wp-json\/wp\/v2\/pages\/24"}],"collection":[{"href":"https:\/\/tdsi.dev\/index.php\/wp-json\/wp\/v2\/pages"}],"about":[{"href":"https:\/\/tdsi.dev\/index.php\/wp-json\/wp\/v2\/types\/page"}],"author":[{"embeddable":true,"href":"https:\/\/tdsi.dev\/index.php\/wp-json\/wp\/v2\/users\/1"}],"replies":[{"embeddable":true,"href":"https:\/\/tdsi.dev\/index.php\/wp-json\/wp\/v2\/comments?post=24"}],"version-history":[{"count":9,"href":"https:\/\/tdsi.dev\/index.php\/wp-json\/wp\/v2\/pages\/24\/revisions"}],"predecessor-version":[{"id":47,"href":"https:\/\/tdsi.dev\/index.php\/wp-json\/wp\/v2\/pages\/24\/revisions\/47"}],"wp:attachment":[{"href":"https:\/\/tdsi.dev\/index.php\/wp-json\/wp\/v2\/media?parent=24"}],"curies":[{"name":"wp","href":"https:\/\/api.w.org\/{rel}","templated":true}]}}